{"id":405,"date":"2020-05-03T15:00:33","date_gmt":"2020-05-03T15:00:33","guid":{"rendered":"http:\/\/ninzio.com\/sanfran\/?page_id=405"},"modified":"2024-02-05T18:46:58","modified_gmt":"2024-02-05T23:46:58","slug":"home-communication","status":"publish","type":"page","link":"https:\/\/cash4mycase.com\/es\/","title":{"rendered":"Inicio"},"content":{"rendered":"<div class=\"vc_row wpb_row vc_row-fluid position-relative has-canvas\"><div class=\"wpb_column vc_column_container vc_col-sm-12\"><div class=\"vc_column-inner\"><div class=\"wpb_wrapper\">\n\t\t\t<!-- START Home Communication REVOLUTION SLIDER 6.5.10 --><p class=\"rs-p-wp-fix\"><\/p>\n\t\t\t<rs-module-wrap id=\"rev_slider_1_1_wrapper\" data-source=\"gallery\" style=\"visibility:hidden;background:transparent;padding:0;margin:0px auto;margin-top:0;margin-bottom:0;\">\n\t\t\t\t<rs-module id=\"rev_slider_1_1\" style=\"\" data-version=\"6.5.10\">\n\t\t\t\t\t<rs-slides>\n\t\t\t\t\t\t<rs-slide style=\"position: absolute;\" data-key=\"rs-1\" data-title=\"Slide\" data-in=\"o:0;\" data-out=\"a:false;\">\n\t\t\t\t\t\t\t<img src=\"\/\/cash4mycase.com\/wp-content\/plugins\/revslider\/public\/assets\/assets\/dummy.png\" alt=\"Slide\" title=\"Inicio\" class=\"rev-slidebg tp-rs-img rs-lazyload\" data-lazyload=\"\/\/cash4mycase.com\/wp-content\/plugins\/revslider\/public\/assets\/assets\/transparent.png\" data-bg=\"c:#effffd;\" data-no-retina>\n<!--\n\t\t\t\t\t\t\t--><rs-layer\n\t\t\t\t\t\t\t\tid=\"slider-1-slide-1-layer-0\" \n\t\t\t\t\t\t\t\tdata-type=\"image\"\n\t\t\t\t\t\t\t\tdata-rsp_ch=\"on\"\n\t\t\t\t\t\t\t\tdata-xy=\"x:r;xo:0,0,-140px,-282px;y:m;yo:35px,29px,12px,-49px;\"\n\t\t\t\t\t\t\t\tdata-text=\"w:normal;s:20,17,12,7;l:0,21,15,9;\"\n\t\t\t\t\t\t\t\tdata-dim=\"w:634px,541px,411px,253px;h:809px,690px,524px,323px;\"\n\t\t\t\t\t\t\t\tdata-vbility=\"t,t,t,f\"\n\t\t\t\t\t\t\t\tdata-frame_0=\"x:175%;o:1;\"\n\t\t\t\t\t\t\t\tdata-frame_0_mask=\"u:t;x:-100%;\"\n\t\t\t\t\t\t\t\tdata-frame_1=\"e:power3.out;st:300;sp:1000;sR:300;\"\n\t\t\t\t\t\t\t\tdata-frame_1_mask=\"u:t;\"\n\t\t\t\t\t\t\t\tdata-frame_999=\"o:0;st:w;sR:7700;\"\n\t\t\t\t\t\t\t\tstyle=\"z-index:10;\"\n\t\t\t\t\t\t\t><img src=\"\/\/cash4mycase.com\/wp-content\/plugins\/revslider\/public\/assets\/assets\/dummy.png\" class=\"tp-rs-img rs-lazyload\" width=\"634\" height=\"809\" data-lazyload=\"\/\/cash4mycase.com\/wp-content\/uploads\/2022\/01\/CashRevol.fw_.png\" data-no-retina> \n\t\t\t\t\t\t\t<\/rs-layer><!--\n\n\t\t\t\t\t\t\t--><rs-layer\n\t\t\t\t\t\t\t\tid=\"slider-1-slide-1-layer-1\" \n\t\t\t\t\t\t\t\tclass=\"e-bounce\"\n\t\t\t\t\t\t\t\tdata-type=\"image\"\n\t\t\t\t\t\t\t\tdata-rsp_ch=\"on\"\n\t\t\t\t\t\t\t\tdata-xy=\"x:r;xo:-80px,-68px,-191px,23px;y:m;yo:-225px,-192px,-155px,-233px;\"\n\t\t\t\t\t\t\t\tdata-text=\"w:normal;s:20,17,12,7;l:0,21,15,9;\"\n\t\t\t\t\t\t\t\tdata-dim=\"w:130px,110px,83px,51px;h:255px,217px,164px,101px;\"\n\t\t\t\t\t\t\t\tdata-frame_0=\"sX:0.9;sY:0.9;\"\n\t\t\t\t\t\t\t\tdata-frame_1=\"sp:1000;\"\n\t\t\t\t\t\t\t\tdata-frame_999=\"o:0;st:w;sR:8000;\"\n\t\t\t\t\t\t\t\tstyle=\"z-index:9;\"\n\t\t\t\t\t\t\t><img src=\"\/\/cash4mycase.com\/wp-content\/plugins\/revslider\/public\/assets\/assets\/dummy.png\" class=\"tp-rs-img rs-lazyload\" data-lazyload=\"\/\/ninzio.com\/sanfran\/wp-content\/uploads\/2020\/05\/dots-blue-5x11-1.png\" data-no-retina> \n\t\t\t\t\t\t\t<\/rs-layer><!--\n\n\t\t\t\t\t\t\t--><rs-layer\n\t\t\t\t\t\t\t\tid=\"slider-1-slide-1-layer-2\" \n\t\t\t\t\t\t\t\tclass=\"e-bounce\"\n\t\t\t\t\t\t\t\tdata-type=\"image\"\n\t\t\t\t\t\t\t\tdata-rsp_ch=\"on\"\n\t\t\t\t\t\t\t\tdata-xy=\"x:r;xo:580px,494px,235px,144px;y:m;yo:335px,285px,206px,127px;\"\n\t\t\t\t\t\t\t\tdata-text=\"w:normal;s:20,17,12,7;l:0,21,15,9;\"\n\t\t\t\t\t\t\t\tdata-dim=\"w:130px,110px,83px,51px;h:106px,90px,68px,41px;\"\n\t\t\t\t\t\t\t\tdata-frame_0=\"sX:0.9;sY:0.9;\"\n\t\t\t\t\t\t\t\tdata-frame_1=\"sp:1000;\"\n\t\t\t\t\t\t\t\tdata-frame_999=\"o:0;st:w;sR:8000;\"\n\t\t\t\t\t\t\t\tstyle=\"z-index:8;\"\n\t\t\t\t\t\t\t><img src=\"\/\/cash4mycase.com\/wp-content\/plugins\/revslider\/public\/assets\/assets\/dummy.png\" class=\"tp-rs-img rs-lazyload\" data-lazyload=\"\/\/ninzio.com\/sanfran\/wp-content\/uploads\/2020\/05\/dots-yellow-5x5-1.png\" data-no-retina> \n\t\t\t\t\t\t\t<\/rs-layer><!--\n\n\t\t\t\t\t\t\t--><rs-layer\n\t\t\t\t\t\t\t\tid=\"slider-1-slide-1-layer-4\" \n\t\t\t\t\t\t\t\tclass=\"font-family-inter\"\n\t\t\t\t\t\t\t\tdata-type=\"text\"\n\t\t\t\t\t\t\t\tdata-color=\"#212529\"\n\t\t\t\t\t\t\t\tdata-rsp_ch=\"on\"\n\t\t\t\t\t\t\t\tdata-xy=\"xo:58px,60px,18px,49px;y:m;yo:-242px,-217px,-177px,-128px;\"\n\t\t\t\t\t\t\t\tdata-text=\"w:normal;s:45,42,42,42;l:62,50,50,50;fw:500;a:center;\"\n\t\t\t\t\t\t\t\tdata-dim=\"w:532,472px,460px,360px;\"\n\t\t\t\t\t\t\t\tdata-frame_0=\"y:62px,52px,39px,24px;\"\n\t\t\t\t\t\t\t\tdata-frame_1=\"st:900;sp:1000;sR:900;\"\n\t\t\t\t\t\t\t\tdata-frame_999=\"o:0;st:w;sR:7100;\"\n\t\t\t\t\t\t\t\tstyle=\"z-index:12;font-family:'Roboto';\"\n\t\t\t\t\t\t\t>DESCUBRE SI TIENES UN CASO POTENCIAL EN CONTRA DE TU EMPLEADOR EN MENOS DE <span class=\"text-highlight\">5 <\/span>MINUTOS!<br \/>\n \n\t\t\t\t\t\t\t<\/rs-layer><!--\n\n\t\t\t\t\t\t\t--><rs-layer\n\t\t\t\t\t\t\t\tid=\"slider-1-slide-1-layer-5\" \n\t\t\t\t\t\t\t\tclass=\"font-family-inter\"\n\t\t\t\t\t\t\t\tdata-type=\"text\"\n\t\t\t\t\t\t\t\tdata-color=\"#748494\"\n\t\t\t\t\t\t\t\tdata-xy=\"xo:63px,26px,86px,79px;y:m;yo:63px,15px,19px,102px;\"\n\t\t\t\t\t\t\t\tdata-text=\"w:normal;s:39,24,24,24;l:45,27,27,27;fw:500;a:center;\"\n\t\t\t\t\t\t\t\tdata-dim=\"w:496,510px,300px,290px;\"\n\t\t\t\t\t\t\t\tdata-rsp_bd=\"off\"\n\t\t\t\t\t\t\t\tdata-frame_0=\"y:83px,70px,53px,32px;\"\n\t\t\t\t\t\t\t\tdata-frame_1=\"st:1200;sp:1000;sR:1200;\"\n\t\t\t\t\t\t\t\tdata-frame_999=\"o:0;st:w;sR:6800;\"\n\t\t\t\t\t\t\t\tstyle=\"z-index:13;font-family:'Roboto';\"\n\t\t\t\t\t\t\t>Haga clic en el bot\u00f3n de abajo para COMENZAR \n\t\t\t\t\t\t\t<\/rs-layer><!--\n\n\t\t\t\t\t\t\t--><a\n\t\t\t\t\t\t\t\tid=\"slider-1-slide-1-layer-8\" \n\t\t\t\t\t\t\t\tclass=\"rs-layer rev-video-button video-pulse\"\n\t\t\t\t\t\t\t\thref=\"https:\/\/apply.cash4mycase.com\/es\" target=\"_self\"\n\t\t\t\t\t\t\t\tdata-type=\"image\"\n\t\t\t\t\t\t\t\tdata-rsp_ch=\"on\"\n\t\t\t\t\t\t\t\tdata-xy=\"xo:177px,181px,156px,142px;yo:709px,581px,569px,545px;\"\n\t\t\t\t\t\t\t\tdata-text=\"w:normal;s:20,17,12,7;l:0,21,15,9;\"\n\t\t\t\t\t\t\t\tdata-dim=\"w:251px,214px,162px,173px;h:251px,214px,162px,173px;\"\n\t\t\t\t\t\t\t\tdata-frame_1=\"st:1530;sp:990;sR:1530;\"\n\t\t\t\t\t\t\t\tdata-frame_999=\"o:0;st:w;sR:6480;\"\n\t\t\t\t\t\t\t\tstyle=\"z-index:15;\"\n\t\t\t\t\t\t\t><img src=\"\/\/cash4mycase.com\/wp-content\/plugins\/revslider\/public\/assets\/assets\/dummy.png\" class=\"tp-rs-img rs-lazyload\" width=\"512\" height=\"512\" data-lazyload=\"\/\/cash4mycase.com\/wp-content\/uploads\/2022\/01\/cropped-Cash4MycaseICO.fw_.png\" data-no-retina> \n\t\t\t\t\t\t\t<\/a><!--\n-->\t\t\t\t\t\t<\/rs-slide>\n\t\t\t\t\t<\/rs-slides>\n\t\t\t\t<\/rs-module>\n\t\t\t\t<script type=\"text\/javascript\">\n\t\t\t\t\tsetREVStartSize({c: 'rev_slider_1_1',rl:[1240,1024,778,480],el:[1080,960,960,768],gw:[1200,1024,778,480],gh:[1080,960,960,768],type:'standard',justify:'',layout:'fullwidth',mh:\"0\"});if (window.RS_MODULES!==undefined && window.RS_MODULES.modules!==undefined && window.RS_MODULES.modules[\"revslider11\"]!==undefined) {window.RS_MODULES.modules[\"revslider11\"].once = false;window.revapi1 = undefined;if (window.RS_MODULES.checkMinimal!==undefined) window.RS_MODULES.checkMinimal()}\n\t\t\t\t<\/script>\n\t\t\t<\/rs-module-wrap>\n\t\t\t<!-- END REVOLUTION SLIDER -->\n<\/div><\/div><\/div><\/div><div class=\"vc_row wpb_row vc_row-fluid position-relative has-canvas\"><div class=\"wpb_column vc_column_container vc_col-sm-12\"><div class=\"vc_column-inner\"><div class=\"wpb_wrapper\"><div class=\"deeper-spacer clearfix\" data-config='{\"desktop\":80,\"mobile\":60,\"smobile\":30}'><\/div>\n\t<div  class=\"wpb_single_image wpb_content_element vc_align_center\">\n\t\t\n\t\t<figure class=\"wpb_wrapper vc_figure\">\n\t\t\t<div class=\"vc_single_image-wrapper   vc_box_border_grey\"><img class=\"vc_single_image-img\" src=\"https:\/\/cash4mycase.com\/wp-content\/uploads\/2022\/02\/Triangulo.fw_-80x80.png\" width=\"80\" height=\"80\" alt=\"Triangulo.fw\" title=\"Triangulo.fw\" \/><\/div>\n\t\t<\/figure>\n\t<\/div>\n<div class=\"deeper-spacer clearfix\" data-config='{\"desktop\":30,\"mobile\":30,\"smobile\":30}'><\/div><div class=\"deeper-text align-center  wow fadeInUp\" style=\"font-size:16px;line-height:27px;\"  data-wow-duration=\"0.75s\" data-wow-delay=\"0.3s\"><span><strong>Cash4mycase.com<\/strong> es un cuestionario en l\u00ednea monitoreado y operado por <a href=\"https:\/\/legalopinionusa.com\/\">The Saenz Law Firm PA<\/a>, un bufete de abogados laborales en el estado de la Florida, EEUU. Nada en este cuestionario crea una relaci\u00f3n entre abogado-cliente. Claramente, el env\u00edo de informaci\u00f3n de contacto a trav\u00e9s de este cuestionario tampoco crea una relaci\u00f3n abogado-cliente. Recuerde, y debe asumir, que nada de lo que se env\u00eda desde este cuestionario es seguro o confidencial. La informaci\u00f3n en este cuestionario se hace s\u00f3lo con fines educativos, as\u00ed como para brindarle a Ud. informaci\u00f3n general sobre las leyes laborales relevantes a nivel federal y de la Florida, no para brindarle asesoramiento legal espec\u00edfico. Este cuestionario no debe utilizarse como sustituto del asesoramiento legal competente de un abogado laboral con experiencia en la Florida. Si desea comunicarse directamente con nuestro bufete de abogados para una evaluaci\u00f3n gratuita de su caso potencial, puede llamarnos directamente al <a href=\"tel:  13054821475\u202c\">(305) 482-1475\u202c<\/a>. El tiempo que los abogados de <a href=\"https:\/\/legalopinionusa.com\/\">The Saenz Law Firm PA<\/a>\u00a0estiman que le tomar\u00e1 a una persona adulta promedio completar este cuestionario es de <strong>menos de 5 minutos<\/strong>. Sin embargo, responder el cuestionario puede llevar m\u00e1s tiempo seg\u00fan la conectividad a Internet y la velocidad de lectura del usuario.<\/span>\n<\/div><div class=\"deeper-spacer clearfix\" data-config='{\"desktop\":80,\"mobile\":60,\"smobile\":40}'><\/div><\/div><\/div><\/div><div class=\"wpb_column vc_column_container vc_col-sm-12\"><div class=\"vc_column-inner\"><div class=\"wpb_wrapper\"><\/div><\/div><\/div><\/div><div class=\"vc_row wpb_row vc_row-fluid position-relative has-canvas\"><div class=\"wpb_column vc_column_container vc_col-sm-12\"><div class=\"vc_column-inner\"><div class=\"wpb_wrapper\"><div class=\"deeper-special-text style-1 align-center  wow fadeInUp\" style=\"margin:0 0 25px;\"  data-wow-duration=\"0.75s\" data-wow-delay=\"0.3s\" data-inviewport=\"yes\">\r\n\t\t\t\t\t\t<div class=\"inner\">\r\n\t\t\t\t\t\t\t<h2 class=\"text\" style=\"font-size:28px;line-height:34px;padding:0 0 20px;\"><span>\u00a1Suscr\u00edbete a nuestro bolet\u00edn y mantente al d\u00eda con las \u00faltimas noticias!<\/span>\n<\/h2>\r\n\t\t\t\t\t\t\t<span class=\"line\" style=\"background-color:#15a0ff;width:80px;\"><\/span>\r\n\t\t\t\t\t\t<\/div>\r\n\t\t\t\t\t<\/div><div class=\"deeper-spacer clearfix\" data-config='{\"desktop\":40,\"mobile\":40,\"smobile\":40}'><\/div><\/div><\/div><\/div><\/div><div class=\"vc_row wpb_row vc_row-fluid position-relative has-canvas\"><div class=\"wpb_column vc_column_container vc_col-sm-4\"><div class=\"vc_column-inner\"><div class=\"wpb_wrapper\"><\/div><\/div><\/div><div class=\"wpb_column vc_column_container vc_col-sm-4\"><div class=\"vc_column-inner\"><div class=\"wpb_wrapper\">\n\t<section id=\"yikes-mailchimp-container-1\" class=\"yikes-mailchimp-container yikes-mailchimp-container-1\">\n\t\t\t\t<form id=\"subscribe-to-our-newsletter-1\" class=\"yikes-easy-mc-form yikes-easy-mc-form-1\" method=\"POST\" data-attr-form-id=\"1\" action=\"\">\n\n\t\t\t\t\t\t\t\t\t\t\t\t\t<label for=\"yikes-easy-mc-form-1-EMAIL\"  class=\"EMAIL-label yikes-mailchimp-field-required\">\n\n\t\t\t\t\t\t\t\t\t\t<!-- dictate label visibility -->\n\t\t\t\t\t\t\t\t\t\t\t\t\t\t\t\t\t\t\t\t\t<span class=\"EMAIL-label\">\n\t\t\t\t\t\t\t\t\t\t\t\tCorreo Electronico\t\t\t\t\t\t\t\t\t\t\t<\/span>\n\t\t\t\t\t\t\t\t\t\t\n\t\t\t\t\t\t\t\t\t\t<!-- Description Above -->\n\t\t\t\t\t\t\t\t\t\t\n\t\t\t\t\t\t\t\t\t\t<input id=\"yikes-easy-mc-form-1-EMAIL\"  name=\"EMAIL\"  placeholder=\"\"  class=\"yikes-easy-mc-email\"  required=\"required\" type=\"email\"  value=\"\">\n\n\t\t\t\t\t\t\t\t\t\t<!-- Description Below -->\n\t\t\t\t\t\t\t\t\t\t\n\t\t\t\t\t\t\t\t\t<\/label>\n\t\t\t\t\t\t\t\t\t\n\t\t\t\t<!-- Honeypot Trap -->\n\t\t\t\t<input type=\"hidden\" name=\"yikes-mailchimp-honeypot\" id=\"yikes-mailchimp-honeypot-1\" value=\"\">\n\n\t\t\t\t<!-- List ID -->\n\t\t\t\t<input type=\"hidden\" name=\"yikes-mailchimp-associated-list-id\" id=\"yikes-mailchimp-associated-list-id-1\" value=\"d98cdc8903\">\n\n\t\t\t\t<!-- The form that is being submitted! Used to display error\/success messages above the correct form -->\n\t\t\t\t<input type=\"hidden\" name=\"yikes-mailchimp-submitted-form\" id=\"yikes-mailchimp-submitted-form-1\" value=\"1\">\n\n\t\t\t\t<!-- Submit Button -->\n\t\t\t\t<button type=\"submit\" class=\"yikes-easy-mc-submit-button yikes-easy-mc-submit-button-1 btn btn-primary\"> <span class=\"yikes-mailchimp-submit-button-span-text\">Enviar<\/span><\/button>\t\t\t\t<!-- Nonce Security Check -->\n\t\t\t\t<input type=\"hidden\" id=\"yikes_easy_mc_new_subscriber_1\" name=\"yikes_easy_mc_new_subscriber\" value=\"3e47a3a58e\">\n\t\t\t\t<input type=\"hidden\" name=\"_wp_http_referer\" value=\"\/es\/wp-json\/wp\/v2\/pages\/405\" \/>\t\t\t\t\n\t\t\t<input type=\"hidden\" name=\"trp-form-language\" value=\"es\"\/><\/form>\n\t\t\t<!-- Mailchimp Form generated by Easy Forms for Mailchimp v6.8.6 (https:\/\/wordpress.org\/plugins\/yikes-inc-easy-mailchimp-extender\/) -->\n\n\t\t\t<\/section>\n\t<\/div><\/div><\/div><div class=\"wpb_column vc_column_container vc_col-sm-4\"><div class=\"vc_column-inner\"><div class=\"wpb_wrapper\"><\/div><\/div><\/div><\/div><div class=\"vc_row wpb_row vc_row-fluid position-relative has-canvas\"><div class=\"wpb_column vc_column_container vc_col-sm-12\"><div class=\"vc_column-inner\"><div class=\"wpb_wrapper\"><div class=\"deeper-spacer clearfix\" data-config='{\"desktop\":100,\"mobile\":60,\"smobile\":60}'><\/div><\/div><\/div><\/div><\/div>","protected":false},"excerpt":{"rendered":"FIND OUT IF YOU HAVE A POTENTIAL EMPLOYMENT CASE IN LESS THAN FIVE MINUTES! Click the Button Below to START Cash4mycase.com is an on-line questionnaire monitored and operated by The Saenz Law Firm PA, a fully licensed Florida employment law firm. Nothing on this questionnaire creates an attorney-client relationship. Submitting contact information does not create an attorney-client relationship. Please remember, and","protected":false},"author":1,"featured_media":0,"parent":0,"menu_order":0,"comment_status":"closed","ping_status":"closed","template":"","meta":{"_monsterinsights_skip_tracking":false,"_monsterinsights_sitenote_active":false,"_monsterinsights_sitenote_note":"","_monsterinsights_sitenote_category":0},"amp_enabled":false,"_links":{"self":[{"href":"https:\/\/cash4mycase.com\/es\/wp-json\/wp\/v2\/pages\/405"}],"collection":[{"href":"https:\/\/cash4mycase.com\/es\/wp-json\/wp\/v2\/pages"}],"about":[{"href":"https:\/\/cash4mycase.com\/es\/wp-json\/wp\/v2\/types\/page"}],"author":[{"embeddable":true,"href":"https:\/\/cash4mycase.com\/es\/wp-json\/wp\/v2\/users\/1"}],"replies":[{"embeddable":true,"href":"https:\/\/cash4mycase.com\/es\/wp-json\/wp\/v2\/comments?post=405"}],"version-history":[{"count":37,"href":"https:\/\/cash4mycase.com\/es\/wp-json\/wp\/v2\/pages\/405\/revisions"}],"predecessor-version":[{"id":2502,"href":"https:\/\/cash4mycase.com\/es\/wp-json\/wp\/v2\/pages\/405\/revisions\/2502"}],"wp:attachment":[{"href":"https:\/\/cash4mycase.com\/es\/wp-json\/wp\/v2\/media?parent=405"}],"curies":[{"name":"wp","href":"https:\/\/api.w.org\/{rel}","templated":true}]}}